{"id":1217,"date":"2022-05-25T00:14:35","date_gmt":"2022-05-24T15:14:35","guid":{"rendered":"https:\/\/onna07.com\/wp1\/?page_id=1217"},"modified":"2022-06-22T16:03:59","modified_gmt":"2022-06-22T07:03:59","slug":"qanda","status":"publish","type":"page","link":"https:\/\/onna07.com\/nextbox\/qanda\/","title":{"rendered":"Q\uff06A"},"content":{"rendered":"\n<h2 class=\"wp-block-heading\">\u3088\u304f\u8cea\u554f\u3055\u308c\u308b\u3053\u3068\u3092\u307e\u3068\u3081\u307e\u3057\u305f\uff01<\/h2>\n\n\n\n<p>\u300c\u670d\u88c5\u306f\uff1f\u300d<\/p>\n\n\n\n<p>\u300c\u3069\u306e\u3050\u3089\u3044\u901a\u9662\u3059\u308b\u306e\uff1f\u300d<\/p>\n\n\n\n<p>\u300c\u00d7\u00d7\u00d7\u306e\u72b6\u614b\u3060\u3051\u3069\u5927\u4e08\u592b\uff1f\u300d<\/p>\n\n\n\n<p>\u300c\u7740\u66ff\u3048\u306f\uff1f\u300d<\/p>\n\n\n\n<p>\u6574\u4f53\u304c\u306f\u3058\u3081\u3066\u306e\u4eba\u304b\u3089\u3001\u53d7\u3051\u306a\u308c\u3066\u3044\u308b\u4eba\u306b\u3082\u3001\u77e5\u308a\u305f\u3044\u3053\u3068\u3060\u3051\u308f\u304b\u308b\u3088\u3046\u306b\uff31\uff06\uff21\u5f62\u5f0f\u3067\u304a\u7b54\u3048\u3044\u305f\u3057\u307e\u3059\uff01<\/p>\n\n\n\n<h2 class=\"wp-block-heading\">\u6211\u5b6b\u5b50\u5e02\u5929\u738b\u53f0<br>\u305f\u304b\u306f\u3057\u6cbb\u7642\u9662\u306b\u3064\u3044\u3066<\/h2>\n\n\n<div class=\"ep-box es-borderSolidS bgc-white brc-black\">\n<ul>\n<li>\u3000<a id=\"z1\"><\/a><a href=\"#a1\">\u30ab\u30fc\u30c9\u3067\u306e\u652f\u6255\u3044\u306f\uff1f<\/a><\/li>\n<li>\u3000<a href=\"#a2\">\u5f53\u65e5\u4e88\u7d04\u3067\u304d\u307e\u3059\u304b\uff1f<\/a><\/li>\n<li>\u3000<a href=\"#a3\">\u3069\u308c\u3060\u3051\u901a\u9662\u3059\u308b\u3082\u306e\uff1f<\/a><\/li>\n<li>\u3000<a href=\"#a4\">\u937c\u306f\u3069\u306e\u3088\u3046\u306a\u611f\u3058\u3067\uff1f<\/a><\/li>\n<li>\u3000<a href=\"#a5\">\u592b\u3082\u540c\u4f34\u3057\u3066\u3082\u3088\u3044\uff1f<\/a><\/li>\n<li>\u3000<a href=\"#a6\">\u6574\u4f53\u306f\u3069\u3093\u306a\u611f\u3058\u3067\u3059\u304b\uff1f<\/a><\/li>\n<li>\u3000<a href=\"#a7\">\u670d\u88c5\u306f\u3001\u7740\u66ff\u3048\u306f\u5fc5\u8981\uff1f<\/a><\/li>\n<li>\u3000<a href=\"#a8\">\u598a\u5a20\u3044\u3064\u304b\u3089\u51fa\u6765\u307e\u3059\u304b\uff1f<\/a><\/li>\n<li>\u3000<a href=\"#a9\">\u7523\u5f8c\u3044\u3064\u304b\u3089\u9aa8\u76e4\u77ef\u6b63\uff1f<\/a><\/li>\n<li><span style=\"font-size: revert; color: initial;\">\u3000<a href=\"#a10\">\u5b50\u4f9b(\u9ad8\u9f62\u8005)\u3082\u51fa\u6765\u307e\u3059\uff1f<\/a><\/span><\/li>\n<li>\u3000<a href=\"#a11\">\u4fdd\u967a\u8a3c\u306f\u4f7f\u3048\u307e\u3059\u304b\uff1f<\/a><\/li>\n<li>\u3000<a href=\"#a12\">\u5272\u5f15\u306b\u306a\u308b\u56de\u6570\u5238\u3042\u308b\uff1f<\/a><\/li>\n<\/ul>\n<\/div>\n\n\n<h2 class=\"has-text-align-center wp-block-heading\">\u304a\u7b54\u3048\u3057\u307e\u3059\uff01<\/h2>\n\n\n<h3><a id=\"a1\"><\/a>\u6599\u91d1\u306e\u652f\u6255\u3044\u306f\u30ab\u30fc\u30c9\u3067\u3082\u5927\u4e08\u592b\u3067\u3059\u304b\uff1f<\/h3>\n\n\n<p>\u304a\u652f\u6255\u3044\u306f\u73fe\u91d1\u306e\u307f\u3068\u306a\u3063\u3066\u304a\u308a\u307e\u3059\u3002<br>\u30ab\u30fc\u30c9\u306b\u3088\u308b\u304a\u652f\u6255\u3044\u306b\u306f\u5bfe\u5fdc\u3057\u3066\u304a\u308a\u307e\u305b\u3093\u306e\u3067\u3054\u4e86\u627f\u304f\u3060\u3055\u3044\u3002<\/p>\n\n\n\n<div class=\"wp-block-buttons is-layout-flex wp-block-buttons-is-layout-flex\">\n<div class=\"wp-block-button aligncenter has-custom-font-size\" style=\"font-size:15px\"><a class=\"wp-block-button__link has-white-color has-vivid-green-cyan-background-color has-text-color has-background\" href=\"#z1\">\u8cea\u554f\u306b\u623b\u308b<\/a><\/div>\n<\/div>\n\n\n\n<hr class=\"wp-block-separator has-alpha-channel-opacity\"\/>\n\n\n<h3><a id=\"a2\"><\/a>\u5f53\u65e5\u4e88\u7d04\u3059\u308b\u3053\u3068\u306f\u3067\u304d\u307e\u3059\u304b\uff1f<\/h3>\n\n\n<p>\u5f53\u65e5\u3067\u3082\u3001\u3054\u4e88\u7d04\u306b\u7a7a\u304d\u304c\u3042\u308c\u3070\u65bd\u8853\u3059\u308b\u3053\u3068\u304c\u3067\u304d\u307e\u3059\u3002<br>\u6211\u5b6b\u5b50\u5e02\u305f\u304b\u306f\u3057\u6cbb\u7642\u9662\u3067\u306f\u3001\u5404\u7a2e\u6574\u4f53\u6cbb\u7642\u304a\u3088\u3073\u9854\u937c\u306a\u3069\u306e\u30b3\u30fc\u30b9\u306f\u3059\u3079\u3066\u4e88\u7d04\u5236\u3068\u306a\u3063\u3066\u304a\u308a\u307e\u3059\u306e\u3067<\/p>\n\n\n\n<p>\u305d\u306e\u969b\u306b\u306f\u3001\u4e8b\u524d\u306b\u96fb\u8a71\u9023\u7d61\u3001\u307e\u305f\u306f\u30e9\u30a4\u30f3\u306b\u3066\u3054\u4e88\u7d04\u3092\u3055\u308c\u3066\u304b\u3089\u304a\u8d8a\u3057\u304f\u3060\u3055\u3044\u3002<\/p>\n\n\n\n<p>\u305f\u3060\u3001\u65bd\u8853\u4e2d\u306b\u3054\u9023\u7d61\u3092\u9802\u3044\u305f\u5834\u5408\u3001\u3059\u3050\u306b\u304a\u96fb\u8a71\u3084\u30e9\u30a4\u30f3\u306b\u5fdc\u7b54\u3059\u308b\u3053\u3068\u304c\u3067\u304d\u306a\u3044\u3053\u3068\u304c\u3042\u308a\u307e\u3059\u306e\u3067\u3001\u65e9\u3081\u306b\u3054\u9023\u7d61\u3092\u9802\u3051\u307e\u3059\u3068\u52a9\u304b\u308a\u307e\u3059\u3002<\/p>\n\n\n\n<div class=\"wp-block-buttons is-layout-flex wp-block-buttons-is-layout-flex\">\n<div class=\"wp-block-button aligncenter has-custom-font-size\" style=\"font-size:15px\"><a class=\"wp-block-button__link has-white-color has-vivid-green-cyan-background-color has-text-color has-background\" href=\"#z1\">\u8cea\u554f\u306b\u623b\u308b<\/a><\/div>\n<\/div>\n\n\n\n<hr class=\"wp-block-separator has-alpha-channel-opacity\"\/>\n\n\n<h3><a id=\"a3\"><\/a>\u3060\u3044\u305f\u3044\u3001\u3069\u306e\u3050\u3089\u3044\u901a\u9662\u3059\u308b\u3082\u306e\u306a\u3093\u3067\u3059\u304b\uff1f<\/h3>\n\n\n<p>\u75c7\u72b6\u306b\u3088\u3063\u3066\u500b\u4eba\u5dee\u304c\u3054\u3056\u3044\u307e\u3059\u304c\u3001\u76ee\u5b89\u3068\u3057\u307e\u3057\u3066\u3001\u65e5\u5e38\u751f\u6d3b\u306b\u652f\u969c\u304c\u51fa\u308b\u307b\u3069\u306e\u3064\u3089\u3044\u91cd\u5ea6\u306e\u75db\u307f\u306e\u75c7\u72b6\u3067\u3082\u300110\u56de\u7a0b\u5ea6\u3067\u3076\u308a\u8fd4\u3057\u306e\u306a\u3044\u3001\u5b89\u5fc3\u3067\u304d\u308b\u304a\u4f53\u306b\u306a\u3063\u3066\u884c\u304d\u307e\u3059\u3002<\/p>\n\n\n\n<p>\u3082\u3057\u3082\u3001\u4e0d\u5b89\u306a\u4e8b\u304c\u3054\u3056\u3044\u307e\u3057\u305f\u3089\u3001\u304a\u6c17\u8efd\u306b\u304a\u554f\u3044\u5408\u308f\u305b\u3057\u3066\u4e0b\u3055\u3044\u306d\u3002<\/p>\n\n\n\n<div class=\"wp-block-buttons is-layout-flex wp-block-buttons-is-layout-flex\">\n<div class=\"wp-block-button aligncenter has-custom-font-size\" style=\"font-size:15px\"><a class=\"wp-block-button__link has-white-color has-vivid-green-cyan-background-color has-text-color has-background\" href=\"#z1\">\u8cea\u554f\u306b\u623b\u308b<\/a><\/div>\n<\/div>\n\n\n\n<hr class=\"wp-block-separator has-alpha-channel-opacity\"\/>\n\n\n<h3><a id=\"a4\"><\/a>\u937c\u7078\u306e\u65bd\u8853\u306f\u3069\u306e\u3088\u3046\u306a\u611f\u3058\u3067\u3057\u3087\u3046\u304b\uff1f<br>\u305f\u304f\u3055\u3093\u937c\u3092\u3055\u3057\u305f\u308a\u3001\u96fb\u6c17\u3092\u6d41\u3059\u65b9\u6cd5\u3067\u3059\u304b\uff1f<\/h3>\n\n\n<p>\u5f53\u9662\u306e\u6cbb\u7642\u306f\u3001\u75c7\u72b6\u306b\u5408\u308f\u305b\u3066\u937c\u7078\u3068\u6574\u4f53\u3068\u3092\u4f7f\u3044\u5206\u3051\u3066\u304a\u308a\u307e\u3059\u3002<\/p>\n\n\n\n<p>\u4e00\u5ea6\u306e\u65bd\u8853\u3067\u937c\u309220\u672c\u308230\u672c\u3082\u523a\u3059\u3088\u3046\u306a\u3001\u937c\u3060\u3051\u306b\u4f9d\u5b58\u3057\u305f\u6cbb\u7642\u306f\u3057\u3066\u304a\u308a\u307e\u305b\u3093\u3002<\/p>\n\n\n\n<p>\u307e\u305f\u3001\u7f8e\u5bb9\u937c\u6574\u4f53\u306b\u3064\u304d\u307e\u3057\u3066\u306f\u3001\u304a\u9854\u306b\u523a\u3057\u305f\u937c\u306b\u96fb\u6c17\u3092\u6d41\u3057\u3066\u3001\u52b9\u7387\u3088\u304f\u304a\u9854\u3092\u5f15\u304d\u7de0\u3081\u308b\u65bd\u8853\u3092\u884c\u3063\u3066\u304a\u308a\u307e\u3059\u3002<\/p>\n\n\n\n<p>\u304a\u4f53\u306b\u5bfe\u3057\u3066\u306f\u3001\u5fc5\u8981\u306a\u6642\u306b\u306f\u96fb\u6c17\u3092\u6d41\u3059\u3053\u3068\u3082\u3042\u308a\u307e\u3059\u3002<\/p>\n\n\n\n<p>\u3082\u3061\u308d\u3093\u3001\u96fb\u6c17\u3092\u6d41\u3059\u969b\u306b\u306f\u58f0\u3092\u639b\u3051\u307e\u3059\u306e\u3067\u3001\u82e6\u624b\u3067\u3057\u305f\u3089\u9060\u616e\u306a\u304f\u304a\u7533\u3057\u51fa\u4e0b\u3055\u3044\u306d\u3002\u4e8b\u524d\u306b\u6559\u3048\u3066\u9802\u3051\u308b\u3068\u52a9\u304b\u308a\u307e\u3059\u3002<\/p>\n\n\n\n<div class=\"wp-block-buttons is-layout-flex wp-block-buttons-is-layout-flex\">\n<div class=\"wp-block-button aligncenter has-custom-font-size\" style=\"font-size:15px\"><a class=\"wp-block-button__link has-white-color has-vivid-green-cyan-background-color has-text-color has-background\" href=\"#z1\">\u8cea\u554f\u306b\u623b\u308b<\/a><\/div>\n<\/div>\n\n\n\n<hr class=\"wp-block-separator has-alpha-channel-opacity\"\/>\n\n\n<h3><a id=\"a5\"><\/a>\u592b\uff08\u7537\u6027\uff09\u3082\u540c\u4f34\u3057\u3066\u3082\u5927\u4e08\u592b\u3067\u3057\u3087\u3046\u304b\uff1f<\/h3>\n\n\n<p>\u307e\u3063\u305f\u304f\u554f\u984c\u3054\u3056\u3044\u307e\u305b\u3093\u3002\u5965\u69d8\u306e\u65bd\u8853\u304c\u7d42\u308f\u308b\u307e\u3067\u3001\u9662\u5185\u3067\u5f85\u305f\u308c\u3066\u3082\u5927\u4e08\u592b\u3067\u3059\u3002<\/p>\n\n\n\n<p><strong>\u5973\u6027\u5c02\u9580\u3067\u3042\u3063\u3066\u3001\u7537\u6027\u7981\u5236\u3067\u306f\u3054\u3056\u3044\u307e\u305b\u3093\u3002<\/strong><\/p>\n\n\n\n<p>\u4e00\u8ed2\u5bb6\u306e\u30ef\u30f3\u30eb\u30fc\u30e0\u3068\u5b8c\u5168\u306a\u30d7\u30e9\u30a4\u30d9\u30fc\u30c8\u30eb\u30fc\u30e0\u306a\u306e\u3067\u3001\u6c17\u517c\u306d\u306a\u304f\u304a\u5b50\u69d8\u3068\u4e00\u7dd2\u306b\u904a\u3070\u308c\u305f\u308a\u3001\u6a2a\u306b\u306a\u3063\u3066\u304f\u3064\u308d\u3044\u3067\u304a\u5f85\u3061\u306b\u306a\u3089\u308c\u305f\u308a\u3059\u308b\u3053\u3068\u3082\u51fa\u6765\u307e\u3059\u3002<\/p>\n\n\n\n<div class=\"wp-block-buttons is-layout-flex wp-block-buttons-is-layout-flex\">\n<div class=\"wp-block-button aligncenter has-custom-font-size\" style=\"font-size:15px\"><a class=\"wp-block-button__link has-white-color has-vivid-green-cyan-background-color has-text-color has-background\" href=\"#z1\">\u8cea\u554f\u306b\u623b\u308b<\/a><\/div>\n<\/div>\n\n\n\n<hr class=\"wp-block-separator has-alpha-channel-opacity\"\/>\n\n\n<h3><a id=\"a6\"><\/a>\u6574\u4f53\u306f\u3069\u3093\u306a\u611f\u3058\u3067\u3057\u3087\u3046\u304b\uff1f<\/h3>\n\n\n<p>\u6211\u5b6b\u5b50\u5e02\u305f\u304b\u306f\u3057\u6cbb\u7642\u9662\u306e\u6574\u4f53\u306e\u6280\u8853\u306f\u3001\u30d0\u30ad\u30d0\u30ad\u3068\u3059\u308b\u65b9\u6cd5\u3067\u306f\u3054\u3056\u3044\u307e\u305b\u3093\u3002<br>\u3060\u304b\u3089\u3068\u3044\u3063\u3066\u30bd\u30d5\u30c8\u3067\u306f\u3042\u308a\u307e\u3059\u304c\u3001\u307e\u3063\u305f\u304f\u306e\u7121\u75db\u3068\u306f\u8a00\u3044\u5207\u308c\u305a\u3001\u304a\u4f53\u306e\u3086\u304c\u307f\u5177\u5408\u306b\u3088\u3063\u3066\u306f\u3001\u3042\u308b\u7a0b\u5ea6\u306e\u523a\u6fc0\u3092\u4f34\u3046\u3053\u3068\u3082\u3042\u308a\u307e\u3059\u3002<\/p>\n\n\n\n<p>\u305d\u306e\u969b\u306b\u306f\u3001\u304a\u58f0\u304c\u3051\u3092\u3057\u306a\u304c\u3089\u914d\u616e\u3057\u3066\u3084\u308a\u307e\u3059\u306e\u3067\u3001\u3054\u5b89\u5fc3\u3057\u3066\u9802\u3051\u305f\u3089\u3068\u601d\u3044\u307e\u3059\u3002<\/p>\n\n\n\n<p>\u3082\u3061\u308d\u3093\u3001\u3054\u9ad8\u9f62\u8005\u3055\u307e\u3084\u305d\u306e\u65b9\u306e\u4f53\u578b\u3084\u4f53\u8abf\u306b\u914d\u616e\u3057\u3066\u3001\u7121\u7406\u306a\u4e8b\u306f\u6c7a\u3057\u3066\u81f4\u3057\u307e\u305b\u3093\u3002<\/p>\n\n\n\n<p>\u6c17\u6301\u3061\u3088\u304f\u3066\u5bdd\u3066\u3057\u307e\u3046\u65b9\u304c\u307b\u3068\u3093\u3069\u306a\u306e\u3067\u6050\u304c\u3089\u306a\u3044\u3067\u4e0b\u3055\u3044\u306d\u3002<\/p>\n\n\n\n<div class=\"wp-block-buttons is-layout-flex wp-block-buttons-is-layout-flex\">\n<div class=\"wp-block-button aligncenter has-custom-font-size\" style=\"font-size:15px\"><a class=\"wp-block-button__link has-white-color has-vivid-green-cyan-background-color has-text-color has-background\" href=\"#z1\">\u8cea\u554f\u306b\u623b\u308b<\/a><\/div>\n<\/div>\n\n\n\n<hr class=\"wp-block-separator has-alpha-channel-opacity\"\/>\n\n\n<h3><a id=\"a7\"><\/a>\u30c0\u30e1\u306a\u670d\u88c5\u3068\u304b\u3042\u308a\u307e\u3059\u304b\uff1f\u7740\u66ff\u3048\u306f\u5fc5\u8981\u3067\u3059\u304b\uff1f<\/h3>\n\n\n<p>\u306a\u308b\u3079\u304f\u52d5\u304d\u3084\u3059\u3044\u670d\u88c5\u304c\u7406\u60f3\u7684\u3067\u3059\u3002<\/p>\n\n\n\n<p>\u691c\u67fb\u306b\u304a\u3044\u3066\u3001\u624b\u3092\u3042\u3052\u305f\u308a\u7acb\u3061\u5ea7\u308a\u306e\u52d5\u4f5c\u304c\u7aae\u5c48\u306b\u306a\u3089\u306a\u3044\u7a0b\u5ea6\u306e\u666e\u901a\u306e\u670d\u88c5\u3067\u5927\u4e08\u592b\u3067\u3059\u3002<\/p>\n\n\n\n<p>\u307e\u305f\u3001\u30d9\u30c3\u30c8\u306b\u5bdd\u305f\u72b6\u614b\u306b\u306a\u308b\u306e\u3067\u3001\u5927\u304d\u306a\u88c5\u98fe\u54c1\u304c\u3042\u308b\u3068\u4f53\u306b\u5f53\u305f\u3063\u3066\u75db\u3044\u4e8b\u3082\u3042\u308a\u307e\u3059\u306e\u3067\u3001\u51f9\u51f8\u306e\u5c11\u306a\u3044\u3082\u306e\u3067\u304a\u9858\u3044\u3044\u305f\u3057\u307e\u3059\u3002<\/p>\n\n\n\n<p>\u304a\u7740\u66ff\u3048\u3082\u3054\u7528\u610f\u3057\u3066\u304a\u308a\u307e\u3059\u304c\u3001\u6570\u306b\u9650\u308a\u304c\u3054\u3056\u3044\u307e\u3059\u306e\u3067\u5fc5\u8981\u306a\u5834\u5408\u3001\u4e8b\u524d\u306b\u304a\u7533\u3057\u51fa\u304f\u3060\u3055\u3044\u3002<\/p>\n\n\n\n<div class=\"wp-block-buttons is-layout-flex wp-block-buttons-is-layout-flex\">\n<div class=\"wp-block-button aligncenter has-custom-font-size\" style=\"font-size:15px\"><a class=\"wp-block-button__link has-white-color has-vivid-green-cyan-background-color has-text-color has-background\" href=\"#z1\">\u8cea\u554f\u306b\u623b\u308b<\/a><\/div>\n<\/div>\n\n\n\n<hr class=\"wp-block-separator has-alpha-channel-opacity\"\/>\n\n\n<h3><a id=\"a8\"><\/a>\u598a\u5a20\u3092\u3057\u3066\u3001\u3044\u3064\u3054\u308d\u304b\u3089\u6574\u4f53\u3084\u937c\u7078\u3092\u3057\u3066\u3082\u3088\u3044\u306e\u3067\u3059\u304b\uff1f<\/h3>\n\n\n<p>\u5f53\u9662\u3067\u306f\u3001\u598a\u5a2020\u9031\u4ee5\u964d\u3067\u53d7\u3051\u4ed8\u3051\u3066\u304a\u308a\u307e\u3059\u3002<\/p>\n\n\n\n<p>\u305f\u3060\u3001\u598a\u5a2020\u9031\u672a\u6e80\u306e\u65b9\u306b\u95a2\u3057\u3066\u3082\u3001\u75db\u307f\u306e\u5ea6\u5408\u3044\u3084\u75c7\u72b6\u306b\u3088\u3063\u3066\u5bfe\u5fdc\u3067\u304d\u308b\u3053\u3068\u304c\u3042\u308a\u307e\u3059\u3002<\/p>\n\n\n\n<p>\u307e\u305a\u306f\u3001\u304a\u6c17\u8efd\u306b\u3054\u76f8\u8ac7\u304f\u3060\u3055\u3044\u3002<\/p>\n\n\n\n<div class=\"wp-block-buttons is-layout-flex wp-block-buttons-is-layout-flex\">\n<div class=\"wp-block-button aligncenter has-custom-font-size\" style=\"font-size:15px\"><a class=\"wp-block-button__link has-white-color has-vivid-green-cyan-background-color has-text-color has-background\" href=\"#z1\">\u8cea\u554f\u306b\u623b\u308b<\/a><\/div>\n<\/div>\n\n\n\n<hr class=\"wp-block-separator has-alpha-channel-opacity\"\/>\n\n\n<h3><a id=\"a9\"><\/a>\u51fa\u7523\u5f8c\u306f\u3001\u3044\u3064\u3054\u308d\u304b\u3089\u9aa8\u76e4\u77ef\u6b63\u3092\u3057\u3066\u3082\u3044\u3044\u306e\u3067\u3059\u304b\uff1f<\/h3>\n\n\n<p>\u7523\u5f8c1\u304b\u6708\uff5e6\u30f6\u6708\u306e\u9593\u306b\u884c\u3046\u306e\u304c\u30d9\u30b9\u30c8\u3067\u3059\u3002<br>\u7523\u5f8c1\u304b\u6708\u9803\u304b\u3089\u51fa\u7523\u524d\u306b\u304b\u306a\u308a\u5206\u6ccc\u3055\u308c\u3066\u3044\u305f\u30ea\u30e9\u30ad\u30b7\u30f3\u3068\u3044\u3046\u4eba\u4f53\u3084\u7b4b\u8089\u3092\u67d4\u3089\u304b\u304f\u3059\u308b\u30db\u30eb\u30e2\u30f3\u304c\u5f90\u3005\u306b\u306a\u304f\u306a\u308b\u6642\u671f\u3067\u3059\u3002<\/p>\n\n\n\n<p>\u9177\u4f7f\u3055\u308c\u305f\u5b50\u5bae\u3082\u542b\u3081\u3066\u623b\u308b\u6642\u671f\u306b\u3067\u3082\u3042\u308a\u307e\u3059\u3002<br>\u305d\u306e\u305f\u3081\u3001\uff11\u30f6\u6708\uff5e3\u30f6\u6708\u9803\u306b\u7523\u5f8c\u306e\u9aa8\u76e4\u77ef\u6b63\u3092\u53d7\u3051\u308b\u3068\u3001\u52b9\u679c\u304c\u51fa\u3084\u3059\u3044\u3067\u3059\u3002<\/p>\n\n\n\n<p>\u3067\u3059\u304c\u3001\u7523\u5f8c\u304b\u3089\u4f55\u5e74\u305f\u3063\u3066\u3044\u305f\u3068\u3057\u3066\u3082\u3001\u6211\u5b6b\u5b50\u5e02\u305f\u304b\u306f\u3057\u6cbb\u7642\u9662\u3067\u306f\u75c7\u72b6\u3084\u4f53\u578b\u306f\u3057\u3063\u304b\u308a\u6539\u5584\u3067\u304d\u307e\u3059\uff01<\/p>\n\n\n\n<div class=\"wp-block-buttons is-layout-flex wp-block-buttons-is-layout-flex\">\n<div class=\"wp-block-button aligncenter has-custom-font-size\" style=\"font-size:15px\"><a class=\"wp-block-button__link has-white-color has-vivid-green-cyan-background-color has-text-color has-background\" href=\"#z1\">\u8cea\u554f\u306b\u623b\u308b<\/a><\/div>\n<\/div>\n\n\n\n<hr class=\"wp-block-separator has-alpha-channel-opacity\"\/>\n\n\n<h3><a id=\"a10\"><\/a>\u5b50\u4f9b\u3001\u307e\u305f\u306f\u9ad8\u9f62\u8005\u306f\u3001\u4f55\u6b73\u307e\u3067\u3068\u304b\u3042\u308a\u307e\u3059\u304b\uff1f<\/h3>\n\n\n<p>\u7279\u306b\u5e74\u9f62\u306e\u5236\u9650\u306f\u3054\u3056\u3044\u307e\u305b\u3093\u3002<\/p>\n\n\n\n<p>\u305f\u3060\u3001\u304a\u4f53\u306e\u72b6\u614b\u306b\u3088\u3063\u3066\u306f\u3001\u3054\u5354\u529b\u3067\u304d\u306a\u3044\u5834\u5408\u3082\u3054\u3056\u3044\u307e\u3059\u3002<br>\u4e0d\u5b89\u304c\u3042\u308a\u307e\u3057\u305f\u3089\u3001\u304a\u6c17\u8efd\u306b\u3054\u76f8\u8ac7\u3057\u3066\u4e0b\u3055\u3044\u306d\u3002<\/p>\n\n\n\n<div class=\"wp-block-buttons is-layout-flex wp-block-buttons-is-layout-flex\">\n<div class=\"wp-block-button aligncenter has-custom-font-size\" style=\"font-size:15px\"><a class=\"wp-block-button__link has-white-color has-vivid-green-cyan-background-color has-text-color has-background\" href=\"#z1\">\u8cea\u554f\u306b\u623b\u308b<\/a><\/div>\n<\/div>\n\n\n\n<hr class=\"wp-block-separator has-alpha-channel-opacity\"\/>\n\n\n<h3><a id=\"a11\"><\/a>\u4fdd\u967a\u8a3c\u306f\u4f7f\u3048\u307e\u3059\u304b\uff1f<\/h3>\n\n\n<p>\u6211\u5b6b\u5b50\u5e02\u305f\u304b\u306f\u3057\u6cbb\u7642\u9662\u306e\u6574\u4f53\u304a\u3088\u3073\u937c\u7078\u6cbb\u7642\u306f\u3001\u65bd\u8853\u306e\u54c1\u8cea\u3092\u4fdd\u3064\u305f\u3081\u3001\u4fdd\u967a\u6cbb\u7642\u3067\u306f\u3054\u3056\u3044\u307e\u305b\u3093\u3002<\/p>\n\n\n\n<p>\u4fdd\u967a\u8a3c\u306f\u4f7f\u3048\u307e\u305b\u3093\u306e\u3067\u3001\u3054\u4e86\u627f\u304f\u3060\u3055\u3044\u3002<\/p>\n\n\n\n<div class=\"wp-block-buttons is-layout-flex wp-block-buttons-is-layout-flex\">\n<div class=\"wp-block-button aligncenter has-custom-font-size\" style=\"font-size:15px\"><a class=\"wp-block-button__link has-white-color has-vivid-green-cyan-background-color has-text-color has-background\" href=\"#z1\">\u8cea\u554f\u306b\u623b\u308b<\/a><\/div>\n<\/div>\n\n\n\n<hr class=\"wp-block-separator has-alpha-channel-opacity\"\/>\n\n\n<h3><a id=\"a12\"><\/a>\u9577\u5e74\u60a3\u3063\u3066\u3044\u308b\u4e0d\u8abf\u3067\u3001\u3059\u3050\u306b\u306f\u6cbb\u3089\u306a\u3044\u3068\u601d\u3046\u306e\u3067\u3001\u5272\u5f15\u306b\u306a\u308b\u3088\u3046\u306a\u56de\u6570\u5238\u3068\u304b\u3042\u308a\u307e\u3059\u304b\uff1f<\/h3>\n\n\n<p>\u5272\u5f15\u306b\u306a\u308b\u56de\u6570\u5238\u306f\u3044\u304f\u3064\u304b\u3054\u7528\u610f\u3057\u3066\u304a\u308a\u307e\u3059\u3002<\/p>\n\n\n\n<p>\u521d\u56de\u306b\u30ab\u30a6\u30f3\u30bb\u30ea\u30f3\u30b0\u3001\u691c\u67fb\u3092\u884c\u3063\u305f\u3046\u3048\u3067\u3001\u5fc5\u8981\u3068\u601d\u308f\u308c\u308b\u901a\u9662\u56de\u6570\u306e\u76ee\u5b89\u3092\u304a\u4f1d\u3048\u3044\u305f\u3057\u307e\u3059\u3002<\/p>\n\n\n\n<p>\u3054\u7d0d\u5f97\u3044\u305f\u3060\u3051\u307e\u3057\u305f\u3089\u3001\u305d\u306e\u56de\u6570\u306b\u5bfe\u3057\u3066\u901a\u5e38\u6599\u91d1\u3088\u308a\u3082\u5272\u5f15\u306b\u306a\u308b\u56de\u6570\u5238\u3092\u8cfc\u5165\u3057\u3066\u3082\u3001\u3042\u308b\u3044\u306f\u3001\u90fd\u5ea6\u6255\u3044\u3067\u69d8\u5b50\u3092\u307f\u306a\u304c\u3089\u901a\u9662\u3055\u308c\u3066\u3082\u3001\u3069\u3061\u3089\u3067\u3082\u69cb\u3044\u307e\u305b\u3093\u3002<\/p>\n\n\n\n<p><strong>\u56de\u6570\u5238\u306e\u62bc\u3057\u58f2\u308a\u306f\u81f4\u3057\u307e\u305b\u3093\u306e\u3067\u3001\u3054\u5b89\u5fc3\u304f\u3060\u3055\u3044\u306d\u3002<\/strong><\/p>\n\n\n\n<p>\u8a73\u3057\u3044\u6599\u91d1\u306b\u3064\u304d\u307e\u3057\u3066\u306f\u3001\u304a\u6c17\u8efd\u306b\u304a\u554f\u3044\u5408\u308f\u305b\u4e0b\u3055\u3044\u3002<\/p>\n\n\n\n<div class=\"wp-block-buttons is-layout-flex wp-block-buttons-is-layout-flex\">\n<div class=\"wp-block-button aligncenter has-custom-font-size\" style=\"font-size:15px\"><a class=\"wp-block-button__link has-white-color has-vivid-green-cyan-background-color has-text-color has-background\" href=\"#z1\">\u8cea\u554f\u306b\u623b\u308b<\/a><\/div>\n<\/div>\n\n\n\n<hr class=\"wp-block-separator has-alpha-channel-opacity\"\/>\n\n\n<p style=\"text-align: center;\">\r\n<div class=\"afTagBox afTag-408\">\r\n  <div class=\"afTagBox__content\"><\/div>\r\n  \r\n<\/div>\r\n\t\t","protected":false},"excerpt":{"rendered":"<p>\u3088\u304f\u8cea\u554f\u3055\u308c\u308b\u3053\u3068\u3092\u307e\u3068\u3081\u307e\u3057\u305f\uff01 \u300c\u670d [&hellip;]<\/p>\n","protected":false},"author":1,"featured_media":1815,"parent":0,"menu_order":0,"comment_status":"closed","ping_status":"closed","template":"","meta":{"footnotes":""},"class_list":["post-1217","page","type-page","status-publish","has-post-thumbnail","hentry"],"_links":{"self":[{"href":"https:\/\/onna07.com\/nextbox\/wp-json\/wp\/v2\/pages\/1217","targetHints":{"allow":["GET"]}}],"collection":[{"href":"https:\/\/onna07.com\/nextbox\/wp-json\/wp\/v2\/pages"}],"about":[{"href":"https:\/\/onna07.com\/nextbox\/wp-json\/wp\/v2\/types\/page"}],"author":[{"embeddable":true,"href":"https:\/\/onna07.com\/nextbox\/wp-json\/wp\/v2\/users\/1"}],"replies":[{"embeddable":true,"href":"https:\/\/onna07.com\/nextbox\/wp-json\/wp\/v2\/comments?post=1217"}],"version-history":[{"count":20,"href":"https:\/\/onna07.com\/nextbox\/wp-json\/wp\/v2\/pages\/1217\/revisions"}],"predecessor-version":[{"id":1581,"href":"https:\/\/onna07.com\/nextbox\/wp-json\/wp\/v2\/pages\/1217\/revisions\/1581"}],"wp:featuredmedia":[{"embeddable":true,"href":"https:\/\/onna07.com\/nextbox\/wp-json\/wp\/v2\/media\/1815"}],"wp:attachment":[{"href":"https:\/\/onna07.com\/nextbox\/wp-json\/wp\/v2\/media?parent=1217"}],"curies":[{"name":"wp","href":"https:\/\/api.w.org\/{rel}","templated":true}]}}